{"id":23,"date":"2023-03-06T19:46:02","date_gmt":"2023-03-06T18:46:02","guid":{"rendered":"http:\/\/vonatos-utifilmek-magyarul.com\/?page_id=23"},"modified":"2026-04-24T08:06:48","modified_gmt":"2026-04-24T06:06:48","slug":"bevezeto","status":"publish","type":"page","link":"https:\/\/vonatos-utifilmek-magyarul.com\/","title":{"rendered":"Kedves blog l\u00e1togat\u00f3k!"},"content":{"rendered":"\n<p>A legut\u00f3bbi 5 bejegyz\u00e9s a blogba:<\/p>\n\n\n\n<p>A vil\u00e1g leggyorsabb vonat\u00e1n utazni, Jap\u00e1n, 603 km\/h, Maglev LO, 12:51, Jap\u00e1n k\u00f6nyvt\u00e1r<\/p>\n\n\n\n<p>Eur\u00f3pa vonattal, az 5 legjobb \u00fatvonal, 9:32, Eur\u00f3pa k\u00f6nyvt\u00e1r<\/p>\n\n\n\n<p>Nick Knowles vas\u00fati utaz\u00e1sai, Norv\u00e9gia, 4:17, Norv\u00e9gia k\u00f6nyvt\u00e1r<\/p>\n\n\n\n<p>Csod\u00e1latos vas\u00fati kalandok Nick Knowles-sal, 0:30, Egy\u00e9b \u00e9rdekess\u00e9gek k\u00f6nyvt\u00e1r<\/p>\n\n\n\n<p>Big Boy 4014: A vil\u00e1g legnagyobb g\u0151z\u00f6s vonata megteszi t\u00f6rt\u00e9nelmi els\u0151 \u00fatj\u00e1t Kaliforni\u00e1n kereszt\u00fcl 4:51, U.S.A. k\u00f6nyvt\u00e1r<\/p>\n\n\n\n<p><\/p>\n\n\n\n<p><\/p>\n\n\n\n<p><\/p>\n\n\n\n<p><\/p>\n\n\n\n<p>Nyugd\u00edjask\u00e9nt igen sok \u00fati filmet n\u00e9zek a Youtube-on, \u00e9s gyakran bukkanok vonatos \u00fati filmekre. \u00c9s nagyon \u00e9rdekeseket tal\u00e1lok.<\/p>\n\n\n\n<p>\u00dagy gondoltam ezek minden vas\u00fat- vagy utaz\u00e1srajong\u00f3t \u00e9rdekelhetnek, ez\u00e9rt elkezdtem \u00f6sszegy\u0171jteni a m\u00e1r magyarra szinkroniz\u00e1lt vonatos \u00fati filmeket (le\u00edrva c\u00edm\u00e9t, tartalm\u00e1t, hossz\u00e1t \u00e9s el\u00e9rhet\u0151s\u00e9g\u00e9t), \u00e9s az \u00e9rdekesebb angol feliratos filmekhez pedig ford\u00edt\u00e1st k\u00e9sz\u00edtek \u00e9s mell\u00e9kelek.<\/p>\n\n\n\n<p>A ford\u00edt\u00e1sok alatt van a kisfilm, mely egy gombnyom\u00e1ssal ind\u00edthat\u00f3.<\/p>\n\n\n\n<p>C\u00e9lom volt, hogy minden orsz\u00e1g, melynek volt, vagy van vas\u00fatja, legal\u00e1bb k\u00e9t kisfilmmel szerepeljen a blogban. A nagyobb vas\u00fati h\u00e1l\u00f3zattal vagy \u00e9rdekess\u00e9ggel rendelkez\u0151 orsz\u00e1gok (mint pl. Jap\u00e1n, K\u00edna, Egyes\u00fclt Kir\u00e1lys\u00e1g, USA, India, stb.) tekintet\u00e9ben m\u00e1r most is sokkal t\u00f6bb kisfilmet tettem a blogba. <br>A blogban, ha egy utifilm t\u00f6bb orsz\u00e1got \u00e9rint, akkor az Eur\u00f3pa, \u00c1zsia, Afrika, vagy Amerika kateg\u00f3ri\u00e1ba (k\u00f6nyvt\u00e1r) ker\u00fcl be.<\/p>\n\n\n\n<p>A haszn\u00e1latot illet\u0151en, akinek fontos a magyarra ford\u00edt\u00e1s, vagy el\u0151re elolvassa a hozz\u00e1tartoz\u00f3 sz\u00f6veget, vagy kinyomtatva, a filmmel egy id\u0151ben is n\u00e9zegetheti.&nbsp;&nbsp;<\/p>\n\n\n\n<p>Mivel az utaz\u00e1sok is egyre dr\u00e1g\u00e1bbak, egy kis \u00e9lm\u00e9nyt ezek a filmek is ny\u00fajtanak, a leend\u0151 utaz\u00e1sokhoz pedig j\u00f3 tippeket adhatnak.<\/p>\n\n\n\n<p>J\u00f3 sz\u00f3rakoz\u00e1st \u00e9s utaz\u00e1st k\u00edv\u00e1nok!<\/p>\n\n\n\n<p>Daczi L\u00e1szl\u00f3<\/p>\n\n\n\n<p>2023. m\u00e1jus 10. <\/p>\n","protected":false},"excerpt":{"rendered":"<p>A legut\u00f3bbi 5 bejegyz\u00e9s a blogba: A vil\u00e1g leggyorsabb vonat\u00e1n utazni, Jap\u00e1n, 603 km\/h, Maglev LO, 12:51, Jap\u00e1n k\u00f6nyvt\u00e1r Eur\u00f3pa vonattal, az 5 legjobb \u00fatvonal, 9:32, Eur\u00f3pa k\u00f6nyvt\u00e1r Nick Knowles&#8230;<\/p>\n","protected":false},"author":1,"featured_media":0,"parent":0,"menu_order":0,"comment_status":"closed","ping_status":"closed","template":"","meta":{"_monsterinsights_skip_tracking":false,"_monsterinsights_sitenote_active":false,"_monsterinsights_sitenote_note":"","_monsterinsights_sitenote_category":0},"yoast_head":"<!-- This site is optimized with the Yoast SEO plugin v20.1 - https:\/\/yoast.com\/wordpress\/plugins\/seo\/ -->\n<title>Kedves blog l\u00e1togat\u00f3k! - vonatos utifilmek magyarul<\/title>\n<meta name=\"robots\" content=\"index, follow, max-snippet:-1, max-image-preview:large, max-video-preview:-1\" \/>\n<link rel=\"canonical\" href=\"http:\/\/vonatos-utifilmek-magyarul.com\/\" \/>\n<meta property=\"og:locale\" content=\"hu_HU\" \/>\n<meta property=\"og:type\" content=\"article\" \/>\n<meta property=\"og:title\" content=\"Kedves blog l\u00e1togat\u00f3k! - vonatos utifilmek magyarul\" \/>\n<meta property=\"og:description\" content=\"A legut\u00f3bbi 5 bejegyz\u00e9s a blogba: A vil\u00e1g leggyorsabb vonat\u00e1n utazni, Jap\u00e1n, 603 km\/h, Maglev LO, 12:51, Jap\u00e1n k\u00f6nyvt\u00e1r Eur\u00f3pa vonattal, az 5 legjobb \u00fatvonal, 9:32, Eur\u00f3pa k\u00f6nyvt\u00e1r Nick Knowles...\" \/>\n<meta property=\"og:url\" content=\"http:\/\/vonatos-utifilmek-magyarul.com\/\" \/>\n<meta property=\"og:site_name\" content=\"vonatos utifilmek magyarul\" \/>\n<meta property=\"article:modified_time\" content=\"2026-04-24T06:06:48+00:00\" \/>\n<meta name=\"twitter:card\" content=\"summary_large_image\" \/>\n<meta name=\"twitter:label1\" content=\"Becs\u00fclt olvas\u00e1si id\u0151\" \/>\n\t<meta name=\"twitter:data1\" content=\"2 perc\" \/>\n<script type=\"application\/ld+json\" class=\"yoast-schema-graph\">{\"@context\":\"https:\/\/schema.org\",\"@graph\":[{\"@type\":\"WebPage\",\"@id\":\"http:\/\/vonatos-utifilmek-magyarul.com\/\",\"url\":\"http:\/\/vonatos-utifilmek-magyarul.com\/\",\"name\":\"Kedves blog l\u00e1togat\u00f3k! - vonatos utifilmek magyarul\",\"isPartOf\":{\"@id\":\"http:\/\/vonatos-utifilmek-magyarul.com\/#website\"},\"datePublished\":\"2023-03-06T18:46:02+00:00\",\"dateModified\":\"2026-04-24T06:06:48+00:00\",\"breadcrumb\":{\"@id\":\"http:\/\/vonatos-utifilmek-magyarul.com\/#breadcrumb\"},\"inLanguage\":\"hu\",\"potentialAction\":[{\"@type\":\"ReadAction\",\"target\":[\"http:\/\/vonatos-utifilmek-magyarul.com\/\"]}]},{\"@type\":\"BreadcrumbList\",\"@id\":\"http:\/\/vonatos-utifilmek-magyarul.com\/#breadcrumb\",\"itemListElement\":[{\"@type\":\"ListItem\",\"position\":1,\"name\":\"Home\",\"item\":\"http:\/\/vonatos-utifilmek-magyarul.com\/\"},{\"@type\":\"ListItem\",\"position\":2,\"name\":\"Kedves blog l\u00e1togat\u00f3k!\"}]},{\"@type\":\"WebSite\",\"@id\":\"http:\/\/vonatos-utifilmek-magyarul.com\/#website\",\"url\":\"http:\/\/vonatos-utifilmek-magyarul.com\/\",\"name\":\"vonatos utifilmek magyarul\",\"description\":\"\",\"potentialAction\":[{\"@type\":\"SearchAction\",\"target\":{\"@type\":\"EntryPoint\",\"urlTemplate\":\"http:\/\/vonatos-utifilmek-magyarul.com\/?s={search_term_string}\"},\"query-input\":\"required name=search_term_string\"}],\"inLanguage\":\"hu\"}]}<\/script>\n<!-- \/ Yoast SEO plugin. -->","yoast_head_json":{"title":"Kedves blog l\u00e1togat\u00f3k! - vonatos utifilmek magyarul","robots":{"index":"index","follow":"follow","max-snippet":"max-snippet:-1","max-image-preview":"max-image-preview:large","max-video-preview":"max-video-preview:-1"},"canonical":"http:\/\/vonatos-utifilmek-magyarul.com\/","og_locale":"hu_HU","og_type":"article","og_title":"Kedves blog l\u00e1togat\u00f3k! - vonatos utifilmek magyarul","og_description":"A legut\u00f3bbi 5 bejegyz\u00e9s a blogba: A vil\u00e1g leggyorsabb vonat\u00e1n utazni, Jap\u00e1n, 603 km\/h, Maglev LO, 12:51, Jap\u00e1n k\u00f6nyvt\u00e1r Eur\u00f3pa vonattal, az 5 legjobb \u00fatvonal, 9:32, Eur\u00f3pa k\u00f6nyvt\u00e1r Nick Knowles...","og_url":"http:\/\/vonatos-utifilmek-magyarul.com\/","og_site_name":"vonatos utifilmek magyarul","article_modified_time":"2026-04-24T06:06:48+00:00","twitter_card":"summary_large_image","twitter_misc":{"Becs\u00fclt olvas\u00e1si id\u0151":"2 perc"},"schema":{"@context":"https:\/\/schema.org","@graph":[{"@type":"WebPage","@id":"http:\/\/vonatos-utifilmek-magyarul.com\/","url":"http:\/\/vonatos-utifilmek-magyarul.com\/","name":"Kedves blog l\u00e1togat\u00f3k! - vonatos utifilmek magyarul","isPartOf":{"@id":"http:\/\/vonatos-utifilmek-magyarul.com\/#website"},"datePublished":"2023-03-06T18:46:02+00:00","dateModified":"2026-04-24T06:06:48+00:00","breadcrumb":{"@id":"http:\/\/vonatos-utifilmek-magyarul.com\/#breadcrumb"},"inLanguage":"hu","potentialAction":[{"@type":"ReadAction","target":["http:\/\/vonatos-utifilmek-magyarul.com\/"]}]},{"@type":"BreadcrumbList","@id":"http:\/\/vonatos-utifilmek-magyarul.com\/#breadcrumb","itemListElement":[{"@type":"ListItem","position":1,"name":"Home","item":"http:\/\/vonatos-utifilmek-magyarul.com\/"},{"@type":"ListItem","position":2,"name":"Kedves blog l\u00e1togat\u00f3k!"}]},{"@type":"WebSite","@id":"http:\/\/vonatos-utifilmek-magyarul.com\/#website","url":"http:\/\/vonatos-utifilmek-magyarul.com\/","name":"vonatos utifilmek magyarul","description":"","potentialAction":[{"@type":"SearchAction","target":{"@type":"EntryPoint","urlTemplate":"http:\/\/vonatos-utifilmek-magyarul.com\/?s={search_term_string}"},"query-input":"required name=search_term_string"}],"inLanguage":"hu"}]}},"_links":{"self":[{"href":"https:\/\/vonatos-utifilmek-magyarul.com\/index.php?rest_route=\/wp\/v2\/pages\/23"}],"collection":[{"href":"https:\/\/vonatos-utifilmek-magyarul.com\/index.php?rest_route=\/wp\/v2\/pages"}],"about":[{"href":"https:\/\/vonatos-utifilmek-magyarul.com\/index.php?rest_route=\/wp\/v2\/types\/page"}],"author":[{"embeddable":true,"href":"https:\/\/vonatos-utifilmek-magyarul.com\/index.php?rest_route=\/wp\/v2\/users\/1"}],"replies":[{"embeddable":true,"href":"https:\/\/vonatos-utifilmek-magyarul.com\/index.php?rest_route=%2Fwp%2Fv2%2Fcomments&post=23"}],"version-history":[{"count":5,"href":"https:\/\/vonatos-utifilmek-magyarul.com\/index.php?rest_route=\/wp\/v2\/pages\/23\/revisions"}],"predecessor-version":[{"id":3140,"href":"https:\/\/vonatos-utifilmek-magyarul.com\/index.php?rest_route=\/wp\/v2\/pages\/23\/revisions\/3140"}],"wp:attachment":[{"href":"https:\/\/vonatos-utifilmek-magyarul.com\/index.php?rest_route=%2Fwp%2Fv2%2Fmedia&parent=23"}],"curies":[{"name":"wp","href":"https:\/\/api.w.org\/{rel}","templated":true}]}}